{"id":17592,"date":"2022-01-20T16:26:59","date_gmt":"2022-01-20T16:26:59","guid":{"rendered":"https:\/\/gjarquitectura.com\/nuestro-equipo-de-arquitecura\/"},"modified":"2022-11-09T12:42:13","modified_gmt":"2022-11-09T10:42:13","slug":"our-team-of-architecture","status":"publish","type":"page","link":"https:\/\/gjarquitectura.com\/en\/our-team-of-architecture\/","title":{"rendered":"Our Architecture Team"},"content":{"rendered":"<div class=\"wpb-content-wrapper\"><p>[vc_row full_width=&#8221;stretch_row_content_no_spaces&#8221;][vc_column][vc_banner_title color_style=&#8221;light&#8221; subtitle=&#8221;OUR ARCHITECTURE TEAM&#8221; img=&#8221;22608&#8243; enable_overlay=&#8221;true&#8221; enable_fullheight=&#8221;true&#8221; columns=&#8221;%5B%7B%7D%5D&#8221;][\/vc_banner_title][\/vc_column][\/vc_row][vc_row][vc_column][vc_empty_space height=&#8221;64px&#8221;][\/vc_column][\/vc_row][vc_row desctop_mt=&#8221;margin-lg-55t&#8221; tablets_mt=&#8221;margin-sm-20t&#8221;][vc_column][vc_headings title=&#8221;Our Team&#8221; subtitle=&#8221;KNOW&#8221;]In GONZ\u00c1LEZ &amp;; JACOBSON over 27 years of work, we have a highly team of qualified professionals, a fact that allows us to offer our clients realities constructed by dint of creativity, making work in a global dimension, covering all aspects related to architecture either landscaping, interior design or urban planning.[\/vc_headings][\/vc_column][\/vc_row][vc_row][vc_column width=&#8221;1\/4&#8243;][vc_team team_style=&#8221;simple&#8221; image=&#8221;22642&#8243; name=&#8221;Rodolfo Amieva Jacobson&#8221; link=&#8221;https:\/\/gjarquitectura.com\/en\/rodolfo-amieva-jacobson\/&#8221; position=&#8221;Architect Founder&#8221;][\/vc_column][vc_column width=&#8221;1\/4&#8243;][vc_team team_style=&#8221;simple&#8221; image=&#8221;22639&#8243; name=&#8221;Diego Mac\u00edas Dom\u00ednguez&#8221; link=&#8221;https:\/\/gjarquitectura.com\/en\/diego-macias-dominguez\/&#8221; position=&#8221;Architect Partner&#8221;][\/vc_column][vc_column width=&#8221;1\/4&#8243;][vc_team team_style=&#8221;simple&#8221; image=&#8221;22714&#8243; name=&#8221;Marcelo Biasella&#8221; position=&#8221;Architect&#8221;][\/vc_column][vc_column width=&#8221;1\/4&#8243;][vc_team team_style=&#8221;simple&#8221; image=&#8221;22706&#8243; name=&#8221;Jorge Boccardo Maldonado&#8221; position=&#8221;Architect&#8221;][\/vc_column][\/vc_row][vc_row][vc_column width=&#8221;1\/4&#8243;][vc_team team_style=&#8221;simple&#8221; image=&#8221;22720&#8243; name=&#8221;\u00d3scar Boan Burghi&#8221; position=&#8221;Architect&#8221;][\/vc_column][vc_column width=&#8221;1\/4&#8243;][vc_team team_style=&#8221;simple&#8221; image=&#8221;22700&#8243; name=&#8221;Francisco Arcos Ramos&#8221; position=&#8221;Architect&#8221;][\/vc_column][vc_column width=&#8221;1\/4&#8243;][vc_team team_style=&#8221;simple&#8221; image=&#8221;22698&#8243; name=&#8221;David Arizmendi Bueno&#8221; position=&#8221;Architect \/ Quantity surveyor&#8221;][\/vc_column][vc_column width=&#8221;1\/4&#8243;][vc_team team_style=&#8221;simple&#8221; image=&#8221;22690&#8243; name=&#8221;Antonio Pascual Arroyo&#8221; position=&#8221;Quantity surveyor&#8221;][\/vc_column][\/vc_row][vc_row][vc_column width=&#8221;1\/4&#8243;][vc_team team_style=&#8221;simple&#8221; image=&#8221;22686&#8243; name=&#8221;Alberto P\u00e9rez Ar\u00e9valo&#8221; position=&#8221;Quantity surveyor&#8221;][\/vc_column][vc_column width=&#8221;1\/4&#8243;][vc_team team_style=&#8221;simple&#8221; image=&#8221;22702&#8243; name=&#8221;Gabriel Irusta Pegazzano&#8221; position=&#8221;Industrial Designer&#8221;][\/vc_column][vc_column width=&#8221;1\/4&#8243;][vc_team team_style=&#8221;simple&#8221; image=&#8221;22696&#8243; name=&#8221;C\u00e9sar Fern\u00e1ndez Garc\u00eda&#8221; position=&#8221;Draftsman&#8221;][\/vc_column][vc_column width=&#8221;1\/4&#8243;][vc_team team_style=&#8221;simple&#8221; image=&#8221;22708&#8243; name=&#8221;Lourdes M\u00e1rquez Ribes&#8221; position=&#8221;Administrative&#8221;][\/vc_column][\/vc_row][vc_row][vc_column width=&#8221;1\/4&#8243;][vc_team team_style=&#8221;simple&#8221; image=&#8221;22692&#8243; name=&#8221;Blanca Madinabeitia&#8221; position=&#8221;Administrativa&#8221;][\/vc_column][vc_column width=&#8221;1\/4&#8243;][vc_team team_style=&#8221;simple&#8221; image=&#8221;22694&#8243; name=&#8221;Carlos Alfonso Gonz\u00e1lez&#8221; position=&#8221;Landscape&#8221;][\/vc_column][vc_column width=&#8221;1\/4&#8243;][vc_team team_style=&#8221;simple&#8221; image=&#8221;22704&#8243; name=&#8221;Giorgio Maulini&#8221; position=&#8221;Marketing&#8221;][\/vc_column][vc_column width=&#8221;1\/4&#8243;][vc_team team_style=&#8221;simple&#8221; image=&#8221;22684&#8243; name=&#8221;Adriana Roitenburd&#8221;][\/vc_column][\/vc_row][vc_row][vc_column width=&#8221;1\/4&#8243;][vc_team team_style=&#8221;simple&#8221; image=&#8221;22710&#8243; name=&#8221;Malke Matusevich&#8221;][\/vc_column][vc_column width=&#8221;1\/4&#8243;][vc_team team_style=&#8221;simple&#8221; image=&#8221;22722&#8243; name=&#8221;Paco Cabrera&#8221;][\/vc_column][vc_column width=&#8221;1\/4&#8243;][vc_team team_style=&#8221;simple&#8221; image=&#8221;22718&#8243; name=&#8221;Miguel Delgado&#8221;][\/vc_column][vc_column width=&#8221;1\/4&#8243;][vc_team team_style=&#8221;simple&#8221; image=&#8221;22712&#8243; name=&#8221;Marcelino Vidal&#8221;][\/vc_column][\/vc_row][vc_row][vc_column width=&#8221;1\/4&#8243;][vc_team team_style=&#8221;simple&#8221; image=&#8221;22957&#8243; name=&#8221;Mar\u00eda Gutierrez&#8221; position=&#8221;Maintenance&#8221;][\/vc_column][vc_column width=&#8221;1\/4&#8243;][vc_team team_style=&#8221;simple&#8221;][\/vc_column][vc_column width=&#8221;1\/4&#8243;][\/vc_column][vc_column width=&#8221;1\/4&#8243;][\/vc_column][\/vc_row][vc_row desctop_mt=&#8221;margin-lg-55t&#8221; tablets_mt=&#8221;margin-sm-20t&#8221;][vc_column][vc_headings title=&#8221;Discover our work atmosphere.&#8221; align=&#8221;Center&#8221;][\/vc_headings][\/vc_column][\/vc_row][vc_row full_width=&#8221;stretch_row_content_no_spaces&#8221; desctop_mt=&#8221;margin-lg-25t&#8221; desctop_mb=&#8221;margin-lg-140b&#8221; tablets_mt=&#8221;margin-sm-20t&#8221; tablets_mb=&#8221;margin-sm-70b&#8221;][vc_column][vc_fullscreen_slider images=&#8221;22608,22596,22586,22576,22592,22570,22582,22602,22572,22574,22580,22606,22584,22566,22594,22564,22588,22598,22590,22600,22604,22560&#8243; arrows=&#8221;on&#8221; slide_speed=&#8221;3000&#8243;][\/vc_column][\/vc_row][vc_row][vc_column][vc_btn title=&#8221;IF YOU LIKE TO JOIN US &#8211; SEND US YOUR CV&#8221; shape=&#8221;square&#8221; align=&#8221;center&#8221; i_icon_fontawesome=&#8221;fas fa-chevron-circle-right&#8221; add_icon=&#8221;true&#8221; link=&#8221;url:https%3A%2F%2Fgjarquitectura.com%2Fen%2Fcontact-us%2F|title:CONTACT%20US|target:_blank&#8221;][vc_empty_space][\/vc_column][\/vc_row]<\/p>\n<\/div>","protected":false},"excerpt":{"rendered":"<p>[vc_row full_width=&#8221;stretch_row_content_no_spaces&#8221;][vc_column][vc_banner_title color_style=&#8221;light&#8221; subtitle=&#8221;OUR ARCHITECTURE TEAM&#8221; img=&#8221;22608&#8243; enable_overlay=&#8221;true&#8221; enable_fullheight=&#8221;true&#8221; columns=&#8221;%5B%7B%7D%5D&#8221;][\/vc_banner_title][\/vc_column][\/vc_row][vc_row][vc_column][vc_empty_space height=&#8221;64px&#8221;][\/vc_column][\/vc_row][vc_row desctop_mt=&#8221;margin-lg-55t&#8221; tablets_mt=&#8221;margin-sm-20t&#8221;][vc_column][vc_headings title=&#8221;Our Team&#8221; subtitle=&#8221;KNOW&#8221;]In GONZ\u00c1LEZ &amp;; JACOBSON over<\/p>\n","protected":false},"author":1,"featured_media":0,"parent":0,"menu_order":0,"comment_status":"closed","ping_status":"closed","template":"","meta":{"footnotes":""},"class_list":["post-17592","page","type-page","status-publish","hentry"],"aioseo_notices":[],"_links":{"self":[{"href":"https:\/\/gjarquitectura.com\/en\/wp-json\/wp\/v2\/pages\/17592","targetHints":{"allow":["GET"]}}],"collection":[{"href":"https:\/\/gjarquitectura.com\/en\/wp-json\/wp\/v2\/pages"}],"about":[{"href":"https:\/\/gjarquitectura.com\/en\/wp-json\/wp\/v2\/types\/page"}],"author":[{"embeddable":true,"href":"https:\/\/gjarquitectura.com\/en\/wp-json\/wp\/v2\/users\/1"}],"replies":[{"embeddable":true,"href":"https:\/\/gjarquitectura.com\/en\/wp-json\/wp\/v2\/comments?post=17592"}],"version-history":[{"count":0,"href":"https:\/\/gjarquitectura.com\/en\/wp-json\/wp\/v2\/pages\/17592\/revisions"}],"wp:attachment":[{"href":"https:\/\/gjarquitectura.com\/en\/wp-json\/wp\/v2\/media?parent=17592"}],"curies":[{"name":"wp","href":"https:\/\/api.w.org\/{rel}","templated":true}]}}