{"id":17753,"date":"2022-01-21T16:12:56","date_gmt":"2022-01-21T16:12:56","guid":{"rendered":"https:\/\/gjarquitectura.com?page_id=17753"},"modified":"2024-11-27T17:51:06","modified_gmt":"2024-11-27T15:51:06","slug":"our-vision","status":"publish","type":"page","link":"https:\/\/gjarquitectura.com\/en\/our-vision\/","title":{"rendered":"Our Vision"},"content":{"rendered":"<div class=\"wpb-content-wrapper\"><p>[vc_row full_width=&#8221;stretch_row_content_no_spaces&#8221;][vc_column][vc_banner_title color_style=&#8221;light&#8221; heading_size=&#8221;h2&#8243; subtitle=&#8221;OUR VISION&#8221; img=&#8221;21976&#8243; enable_overlay=&#8221;true&#8221; enable_fullheight=&#8221;true&#8221; columns=&#8221;%5B%7B%7D%5D&#8221;][\/vc_banner_title][\/vc_column][\/vc_row][vc_row desctop_mt=&#8221;margin-lg-55t&#8221; tablets_mt=&#8221;margin-sm-20t&#8221;][vc_column][vc_headings title=&#8221;OUR VISION&#8221; heading_size=&#8221;h3&#8243;][\/vc_headings][vc_column_text css=&#8221;&#8221;]<\/p>\n<div class=\"wpb_text_column wpb_content_element \">\n<div class=\"wpb_wrapper\">\n<div>\n<p>In GONZ\u00c1LEZ &amp; JACOBSON architecture, we have a place reserved for creative, our path may be described as exemplary, for the quality of our proposals, for the innovation of our projects, for our commitment to harmonize with the environment and respect of the landscape.<\/p>\n<p>&nbsp;<\/p>\n<p>Almost in these 30 years of working together, Diego Mac\u00edas Dom\u00ednguez y Rodolfo Amieva Jacobson have written a page of realities built with blows of creativity, obtaining works with global dimensions, covering all aspects related to architecture either it is landscaping, interior or developer design. Nothing is left to hazard, because their vision of architecture always maintains a holistic perspective, as well as an aesthetic, individualized and practical goal.<br \/>\nOur work maintains ties with the Mediterranean, assuming the tradition with assurance and adapting it without superficial trivializations to current needs. Large open spaces to the outside, the magnitude of the terraces, the exterior modeling, the tile incorporation, lattice work, wood in finishing and facades, we talk about sensibility in recreations, as well as the luminosity, the climate composition and the use of nature. It is an architecture tribute to our environment, to maximize the chances of leisure, which aims to ensure a peaceful and pleasant life, subtle and sensual.<\/p>\n<p>&nbsp;<\/p>\n<p>With this architectural manifestation we add to the landscaping presentation an example of our complexes which always aspire to a minimum of environmental impact and maximum of paradisiacal expression. The projects draw peace, beauty and wellness, like emerging islands from the greens of an ordered landscape, without major topographical changes. This is how our joint transmit hedonistic sensations with harmony and bucolic images.<\/p>\n<p>&nbsp;<\/p>\n<p>It is a way of life in an idealized world in symbols, even though practical in the functional. Our work on the internal distribution, the indoor-outdoor relationship, finishing, the quality of the materials, leaves no doubt on our professional ability, of a team that has raised the architecture as a complex world on the technical, while simple on the objectives. Our architectural designs and proposals are a good bet for happiness.<\/p>\n<\/div>\n<\/div>\n<\/div>\n<p>[\/vc_column_text][vc_column_text]<\/p>\n<p>In GONZ\u00c1LEZ &amp;; JACOBSON we join the landscape exhibition with the presentation of our sets, we always aspire to minimal environmental impact and maximum expression paradise. Because our developments draw peace, beauty and wellness, because our homes are transformed into islands that emerge among the greenery of an ordered by common sense, without major changes topographical landscape that is how our joint transmit hedonistic feelings, harmony and bucolic images .<\/p>\n<p>En GONZ\u00c1LEZ &amp; JACOBSON tenemos un lugar reservado para creadores, nuestra trayectoria puede ser calificada de ejemplar por la calidad de nuestras propuestas, por la innovaci\u00f3n de nuestros proyectos, por nuestro compromiso de armonizaci\u00f3n con el entorno, y por el respeto del paisaje.<\/p>\n<p>En estos m\u00e1s de 20 a\u00f1os de trabajo juntos, Diego Mac\u00edas Dom\u00ednguez y Rodolfo Amieva Jacobson hemos escrito una p\u00e1gina de realidades construidas a golpe de creatividad, logrando trabajos de una dimensi\u00f3n global, que abarcan todos los aspectos relacionados con la arquitectura, ya sea el paisajismo, el interiorismo o el dise\u00f1o urbanizador. Nada queda al azar, porque nuestra visi\u00f3n de la arquitectura mantiene siempre una perspectiva integradora, a la vez que individualizada con un objetivo est\u00e9tico y a la vez pr\u00e1ctico.<\/p>\n<p>Nuestros trabajos mantienen los v\u00ednculos con el Mediterr\u00e1neo, asumiendo la tradici\u00f3n con soltura y adaptandola sin trivializaciones superficiales a a las necesidades actuales. Los grandes espacios abiertos al exterior, la amplitud de las terrazas, el modelado exterior, la incorporaci\u00f3n de tejas, celos\u00edas, madera en remates y fachadas, hablamos de delicadeza en las recreaciones, como tambi\u00e9n en la luminosidad, en la composici\u00f3n clim\u00e1tica y el aprovechamiento de la naturaleza. Es un tributo que la arquitectura rinde a nuestro medio para servirse de \u00e9l, para maximizar las posibilidades del ocio, que persigue el objetivo de un vivir sosegado y placentero, sutil y sensual.<\/p>\n<p>Con esta manifestaci\u00f3n arquitect\u00f3nica nos sumamos a la exposici\u00f3n paisaj\u00edstica con la presentaci\u00f3n de nuestros conjuntos, que siempre aspiran a un m\u00ednimo de impacto medioambiental y a un m\u00e1ximo de expresi\u00f3n paradis\u00edaca. Porque nuestras urbanizaciones dibujan paz, belleza y bienestar, porque nuestras viviendas se transforman en islas que emergen entre el verdor de un paisaje ordenado por el sentido com\u00fan, sin grandes transformaciones topogr\u00e1ficas, as\u00ed es como nuestros conjuntos transmiten sensaciones hedonistas, con armon\u00eda e im\u00e1genes buc\u00f3licas.<\/p>\n<p>Es una forma de vivir en un mundo idealizado en los s\u00edmbolos aunque pr\u00e1ctico en lo funcional. Nuestro trabajo sobre la distribuci\u00f3n interna, las relaciones del interior-exterior, los acabados, la calidad de los materiales, no deja lugar a dudas sobre nuestra solvencia profesional, la de un equipo que ha planteado la arquitectura como un mundo complejo en el aspecto t\u00e9cnico, a la vez que sencillo en los objetivos. Nuestras propuestas arquitect\u00f3nicas son una apuesta por la felicidad.[\/vc_column_text][\/vc_column][\/vc_row][vc_row][vc_column][vc_empty_space height=&#8221;64px&#8221;][vc_btn title=&#8221;CONTACT US&#8221; shape=&#8221;square&#8221; align=&#8221;center&#8221; i_icon_fontawesome=&#8221;fas fa-chevron-circle-right&#8221; add_icon=&#8221;true&#8221; link=&#8221;url:https%3A%2F%2Fgjarquitectura.com%2Fen%2Fcontact-us%2F|title:CONTACT%20US|target:_blank&#8221;][\/vc_column][\/vc_row][vc_row][vc_column][vc_banner_title heading_size=&#8221;h3&#8243; subtitle=&#8221;For over 25 years making projects happen&#8221; title=&#8221;Our Architecture Vision&#8221; columns=&#8221;%5B%7B%7D%5D&#8221;][\/vc_banner_title][\/vc_column][vc_column width=&#8221;1\/4&#8243;][vc_pricing subtitle=&#8221;Quality Proposals&#8221; price=&#8221;100 %&#8221; button_style=&#8221;simple&#8221; button_link_class=&#8221;prague-pricing-link a-btn-2 simple&#8221; button_span_class=&#8221;a-btn-line&#8221;]We maintain an integrated perspective and also individually with all our customers.[\/vc_pricing][\/vc_column][vc_column width=&#8221;1\/4&#8243;][vc_pricing subtitle=&#8221;Innovation&#8221; price=&#8221;100 %&#8221; button_style=&#8221;simple&#8221; button_link_class=&#8221;prague-pricing-link a-btn-2 simple&#8221; button_span_class=&#8221;a-btn-line&#8221;]<\/p>\n<div class=\"q_pie_chart_holder\">\n<div class=\"pie_chart_text\">\n<p>We maximizing the potential with the aim of a live peaceful and pleasant, subtle and sensual.<\/p>\n<\/div>\n<\/div>\n<p>[\/vc_pricing][\/vc_column][vc_column width=&#8221;1\/4&#8243;][vc_pricing subtitle=&#8221;Commitment&#8221; price=&#8221;100 %&#8221; button_style=&#8221;simple&#8221; button_link_class=&#8221;prague-pricing-link a-btn-2 simple&#8221; button_span_class=&#8221;a-btn-line&#8221;]Our commitment to harmonize with the environment always aspires to minimal environmental impact and maximum expression paradise.[\/vc_pricing][\/vc_column][vc_column width=&#8221;1\/4&#8243;][vc_pricing subtitle=&#8221;Respect&#8221; price=&#8221;100 %&#8221; button_style=&#8221;simple&#8221; button_link_class=&#8221;prague-pricing-link a-btn-2 simple&#8221; button_span_class=&#8221;a-btn-line&#8221;]Our projects are transformed into islands that emerge among the greenery landscape ordained by common sense.[\/vc_pricing][\/vc_column][\/vc_row][vc_row][vc_column][vc_banner_title title=&#8221;Our commitment to the<br \/>\nEnvironment&#8221; columns=&#8221;%5B%7B%7D%5D&#8221;][\/vc_banner_title][\/vc_column][vc_column width=&#8221;1\/4&#8243;][vc_pricing style=&#8221;featured_image&#8221; image=&#8221;16387&#8243; subtitle=&#8221;Ecodesign&#8221; price=&#8221;100 %&#8221; button_style=&#8221;simple&#8221; button_link_class=&#8221;prague-pricing-link a-btn-2 simple&#8221; button_span_class=&#8221;a-btn-line&#8221;][\/vc_pricing][\/vc_column][vc_column width=&#8221;1\/4&#8243;][vc_pricing style=&#8221;featured_image&#8221; image=&#8221;16925&#8243; subtitle=&#8221;Efficient use&#8221; price=&#8221;100 %&#8221; button_style=&#8221;simple&#8221; button_link_class=&#8221;prague-pricing-link a-btn-2 simple&#8221; button_span_class=&#8221;a-btn-line&#8221;][\/vc_pricing][\/vc_column][vc_column width=&#8221;1\/4&#8243;][vc_pricing style=&#8221;featured_image&#8221; image=&#8221;16971&#8243; subtitle=&#8221;Environmental Impact&#8221; price=&#8221;25 %&#8221; button_style=&#8221;simple&#8221; button_link_class=&#8221;prague-pricing-link a-btn-2 simple&#8221; button_span_class=&#8221;a-btn-line&#8221;][\/vc_pricing][\/vc_column][vc_column width=&#8221;1\/4&#8243;][vc_pricing style=&#8221;featured_image&#8221; image=&#8221;16896&#8243; subtitle=&#8221;Sustainable Development&#8221; price=&#8221;100 %&#8221; button_style=&#8221;simple&#8221; button_link_class=&#8221;prague-pricing-link a-btn-2 simple&#8221; button_span_class=&#8221;a-btn-line&#8221;][\/vc_pricing][\/vc_column][\/vc_row][vc_row][vc_column][vc_column_text][\/vc_column_text][vc_empty_space height=&#8221;64px&#8221;][\/vc_column][\/vc_row]<\/p>\n<\/div>","protected":false},"excerpt":{"rendered":"<p>[vc_row full_width=&#8221;stretch_row_content_no_spaces&#8221;][vc_column][vc_banner_title color_style=&#8221;light&#8221; heading_size=&#8221;h2&#8243; subtitle=&#8221;OUR VISION&#8221; img=&#8221;21976&#8243; enable_overlay=&#8221;true&#8221; enable_fullheight=&#8221;true&#8221; columns=&#8221;%5B%7B%7D%5D&#8221;][\/vc_banner_title][\/vc_column][\/vc_row][vc_row desctop_mt=&#8221;margin-lg-55t&#8221; tablets_mt=&#8221;margin-sm-20t&#8221;][vc_column][vc_headings title=&#8221;OUR VISION&#8221; heading_size=&#8221;h3&#8243;][\/vc_headings][vc_column_text css=&#8221;&#8221;] In GONZ\u00c1LEZ &amp; JACOBSON<\/p>\n","protected":false},"author":1,"featured_media":0,"parent":0,"menu_order":0,"comment_status":"closed","ping_status":"closed","template":"","meta":{"footnotes":""},"class_list":["post-17753","page","type-page","status-publish","hentry"],"aioseo_notices":[],"_links":{"self":[{"href":"https:\/\/gjarquitectura.com\/en\/wp-json\/wp\/v2\/pages\/17753","targetHints":{"allow":["GET"]}}],"collection":[{"href":"https:\/\/gjarquitectura.com\/en\/wp-json\/wp\/v2\/pages"}],"about":[{"href":"https:\/\/gjarquitectura.com\/en\/wp-json\/wp\/v2\/types\/page"}],"author":[{"embeddable":true,"href":"https:\/\/gjarquitectura.com\/en\/wp-json\/wp\/v2\/users\/1"}],"replies":[{"embeddable":true,"href":"https:\/\/gjarquitectura.com\/en\/wp-json\/wp\/v2\/comments?post=17753"}],"version-history":[{"count":0,"href":"https:\/\/gjarquitectura.com\/en\/wp-json\/wp\/v2\/pages\/17753\/revisions"}],"wp:attachment":[{"href":"https:\/\/gjarquitectura.com\/en\/wp-json\/wp\/v2\/media?parent=17753"}],"curies":[{"name":"wp","href":"https:\/\/api.w.org\/{rel}","templated":true}]}}