{"id":28959,"date":"2022-11-09T13:27:24","date_gmt":"2022-11-09T11:27:24","guid":{"rendered":"https:\/\/gjarquitectura.com\/trayectoria-plurifamiliares\/"},"modified":"2024-12-05T19:15:15","modified_gmt":"2024-12-05T17:15:15","slug":"our-multi-family-trajectory","status":"publish","type":"page","link":"https:\/\/gjarquitectura.com\/en\/our-multi-family-trajectory\/","title":{"rendered":"Our Multi-Family Trajectory"},"content":{"rendered":"<div class=\"wpb-content-wrapper\"><p>[vc_row full_width=&#8221;stretch_row_content_no_spaces&#8221; full_height=&#8221;yes&#8221; columns_placement=&#8221;stretch&#8221;][vc_column][vc_banner_title color_style=&#8221;light&#8221; title=&#8221;MULTI-FAMILY HOUSING&#8221; animation_text=&#8221;OUR TRAJECTORY&#8221; img=&#8221;15672&#8243; enable_fullheight=&#8221;true&#8221; columns=&#8221;%5B%7B%7D%5D&#8221;][\/vc_banner_title][\/vc_column][\/vc_row][vc_row][vc_column][vc_empty_space height=&#8221;64px&#8221;][vc_headings title=&#8221;Residential complexes and Homes&#8221; subtitle=&#8221;TRAYECTORY&#8221;][\/vc_headings][vc_empty_space height=&#8221;64px&#8221;][\/vc_column][\/vc_row][vc_row][vc_column width=&#8221;1\/2&#8243;][vc_column_text]<\/p>\n<p>2022 &#8211;<\/p>\n<p><strong>Residential Complex LA MONTUA<\/strong><br \/>\nSector URP, Marbella, Malaga, Spain<br \/>\nResidential Blocks: 130m2<br \/>\nPlot Area: 50.916m2<br \/>\nEnclosed Built Area: 23.704<br \/>\nDeveloper: COORDIA<br \/>\nStatus: Not Built<br \/>\nNote: Contest in development stage<\/p>\n<p>[\/vc_column_text][vc_column_text]<\/p>\n<p>2022 &#8211;<\/p>\n<p><strong>REHABILITATION &#8211; Multi-Family Block<\/strong><br \/>\nCalle Pensamiento 1, Fuengirola, Malaga, Spain<br \/>\n1 Block de 79 Homes<br \/>\nPlot Area: 12.735m2<br \/>\nDeveloper: IBERO CAPITAL<br \/>\nStatus: Not Built<br \/>\nNotes: In Development Phase<\/p>\n<p>[\/vc_column_text][vc_column_text]<\/p>\n<p>2022 &#8211;<\/p>\n<p><strong>Residential Complex \u201cSOUL Marbella\u201d<\/strong><br \/>\nSECTOR DE PLANEAMIENTO URP-RR-10 \u201cHOSPITAL\u201d, PLOT 2.5, Marbella, Malaga, Spain<br \/>\n4 Multi-family Residential Blocks &#8211; 28 Homes \u2013 Enclosed Built Area: 8111m2<br \/>\n11 Townhouses \u2013 Enclosed Built Area: 2471m2<br \/>\n3 Detached Single-Family Homes \u2013 Enclosed Built Area: 991m2<br \/>\nPlot Area: 26.233m2<br \/>\nDeveloper: AEDAS HOMES<br \/>\nBuilder: BONIFACIO SOLIS, SL<br \/>\nStatus: Built<\/p>\n<p>[\/vc_column_text][vc_column_text]<\/p>\n<p>2022 &#8211;<\/p>\n<p>Detached Single-Family Homes<br \/>\nUrb. Marbesa, C\/ Gran Canaria, parcela 441 \u2013 446, Marbella, Malaga, Spain<br \/>\n4 Homes<br \/>\nPlot Area: 2.307m2<br \/>\nEnclosed Built Area: 1.879m2<br \/>\nDeveloper: GRAND INVESTMENT 2022 SL<br \/>\nNotes: Basic Project and Execution Project<\/p>\n<p>[\/vc_column_text][vc_column_text]<\/p>\n<p>2022 &#8211;<\/p>\n<p><strong>Residential Complex Adosadas LA GASPARA<\/strong><br \/>\nSECTOR SURO-T04, PARCELA UA-4, Estepona, Malaga, Spain<br \/>\n80 Townhouses<br \/>\nPlot Area: 18.634m2<br \/>\nEnclosed Built Area:14.285m2<br \/>\nDeveloper: SOLVIA<br \/>\nStatus: Not Built<br \/>\nNotes: Technical study of buildability<\/p>\n<p>[\/vc_column_text][vc_column_text]<\/p>\n<p>2022 &#8211;<\/p>\n<p><strong>Residential Complex Auditorium Homes<\/strong><br \/>\nPARCELA M1 PM1 SUP-R6, URB. JUAN BENITEZ, Estepona, Malaga, Spain<br \/>\n8 Multi-family Residential Blocks \u2013 137 Homes<br \/>\nPlot Area: 10.090<br \/>\nEnclosed Built Area: 11.398<br \/>\nDeveloper: Neinor Homes<br \/>\nStatus: Not Built<br \/>\nNotes: Contest<\/p>\n<p>[\/vc_column_text][vc_column_text]<\/p>\n<p>2022 &#8211;<\/p>\n<p><strong>Residential Complex \u201cBEL AIR\u201d<\/strong><br \/>\nURB. BEL AIR, Cancelada, Estepona, Malaga, Spain<br \/>\n14 Detached Single-Family Homes<br \/>\nPlot Area: 14.300m2<br \/>\nEnclosed Built Area: 3.197m2<br \/>\nDeveloper: BUILT &amp; DESIGN COSTA DEL SOL, SL<br \/>\nStatus: Not Built<br \/>\nNotes: Preliminary Project<\/p>\n<p>[\/vc_column_text][vc_column_text]<\/p>\n<p>2022 &#8211;<\/p>\n<p><strong>Residential Complex PINARES SAN ANTON<\/strong><br \/>\nURB. PINARES SAN ANTON, C\/ PINEA, Malaga, Spain<br \/>\n13 Detached Single-Family Homes<br \/>\nPlot Area: 13.402m2<br \/>\nEnclosed Built Area: 5.446m2<br \/>\nDeveloper: COGITARI PINARES DE SAN ANTON, SL<br \/>\nStatus: Work starts Dec. 2022<br \/>\nNotes: Project Execution<\/p>\n<p>[\/vc_column_text][vc_column_text]<\/p>\n<p>2022 &#8211;<\/p>\n<p><strong>Residential Complex \u201cMIRADORES DEL SOL\u201d &#8211; Fase 3<\/strong><br \/>\nPARCELA R5, SECTOR SURO E-3 \u201cCASABLANCA\u201d, Estepona, Malaga, Spain<br \/>\n14 Townhouses<br \/>\nPlot Area: 3.072m2<br \/>\nEnclosed Built Area: 5.116m2<br \/>\nDeveloper: TM Grupo Inmobiliario<br \/>\nBuilder: TM Grupo Inmobiliario<br \/>\nStatus: Built<\/p>\n<p>[\/vc_column_text][vc_column_text]<\/p>\n<p>2021 &#8211;<\/p>\n<p><strong>Residential Complex SETUNE II<\/strong><br \/>\nPlot URP-NG-2 Sierra Blanca, Marbella, Malaga, Spain<br \/>\n8 Detached Single-Family Homes<br \/>\nPlot Area: 10.767m2<br \/>\nEnclosed Built Area: 2.400m2<br \/>\nDeveloper: SETUNE REAL ESTATE<br \/>\nStatus: NOT BUILT<br \/>\nNotes: Contest<\/p>\n<p>[\/vc_column_text][vc_column_text]<\/p>\n<p>2021 &#8211;<\/p>\n<p><strong>Residential Complex Lago de las Tortugas<\/strong><br \/>\nURB. NUEVA ANDALUCIA, PARCELA J-K-L, Marbella, Malaga, Spain<br \/>\n8 Multi-family Residential Blocks \u2013 80 Homes<br \/>\nPlot Area: 14.400m2<br \/>\nEnclosed Built Area: 14.480m2<br \/>\nStatus: Not Built<br \/>\nNotes: Preliminary Project<\/p>\n<p>[\/vc_column_text][vc_column_text]<\/p>\n<p>2021 &#8211;<\/p>\n<p><strong>Residential Complex \u201cTHE COLLECTION\u201d<\/strong><br \/>\nPARCELA 3.2, ZONA 11, SECTOR URP-NG-9 \u201cARROYO DE NAG\u00dcELES\u201d, Marbella, Malaga, Spain<br \/>\n26 Townhouses<br \/>\nPlot Area: 9.951m2<br \/>\nEnclosed Built Area: 9.292m2<br \/>\nDeveloper: ARION PARTNERS<br \/>\nBuilder: CONSTRUCTORA SAN JOSE, SA<br \/>\nStatus: Built<\/p>\n<p>[\/vc_column_text][vc_column_text]<\/p>\n<p>2021 &#8211;<\/p>\n<p><strong>Residential Complex Altos de la Resinera<\/strong><br \/>\nALTOS DE LA RESINERA SURO-S2, PARCELAS G y H, Estepona, Malaga, Spain<br \/>\n6 Multi-family Residential Blocks \u2013 61 Homes<br \/>\nPlot Area: 12.264m2<br \/>\nEnclosed Built Area: 10.087m2<br \/>\nDeveloper: DRAGO CAPITAL SL<br \/>\nStatus: Not Built<br \/>\nNotes: Contest<\/p>\n<p>[\/vc_column_text][vc_column_text]<\/p>\n<p>2021 2022 &#8211;<\/p>\n<p><strong>Residential Complex \u201cVANIAN GARDENS\u201d<\/strong><br \/>\nSector SUP-C13 \u201cTorrevig\u00eda\u201d, parcela PMZ-1, Estepona, Malaga, Spain<br \/>\nPlot Area: 45.453m2<br \/>\nDeveloper: AEDAS<br \/>\n6 Multi-family Residential Blocks \u2013 72 Homes &#8211; CONSTRUIDO<br \/>\nEnclosed Built Area: 8.694m2<br \/>\nYear: 2020<br \/>\nBuilder: IELCO SL<br \/>\n7 Multi-family Residential Blocks \u2013 92 Homes \u2013 EN CONSTRUCCI\u00d3N<br \/>\nEnclosed Built Area: 12.215m2<br \/>\nYear: 2021<br \/>\nBuilder: JARQUIL SA<br \/>\n4 Multi-family Residential Blocks \u2013 49 Homes<br \/>\nEnclosed Built Area: 8.053m2<br \/>\nNotes: Project Execution<br \/>\n6 Multi-family Residential Blocks \u2013 72 Homes<br \/>\nEnclosed Built Area: 9.578m2<br \/>\nNotes: Preliminary Project<\/p>\n<p>[\/vc_column_text][\/vc_column][vc_column width=&#8221;1\/2&#8243;][vc_column_text]<\/p>\n<p>2022 &#8211;<\/p>\n<p><strong>Residential Complex \u201cBREEZE\u201d<\/strong><br \/>\nURB. GUADALMINA ALTA, Calle 25, PARCELA G-1-A, Marbella, Malaga, Spain<br \/>\n1 Block 34 Homes<br \/>\nPlot Area: 3.251m2<br \/>\nEnclosed Built Area: 6.452m2<br \/>\nDeveloper: DESARROLLOS SINGULARES CONCEPTHOME, S. L.<br \/>\nStatus: Not Built<br \/>\nNotes: Basic Project and Execution Project<\/p>\n<p>[\/vc_column_text][vc_column_text]<\/p>\n<p>2022 &#8211;<\/p>\n<p><strong>Residential Complex Riviera Proube<\/strong><br \/>\nURB. RIVIERA DEL SOL, PARCELA POL. 39-FASE 7, ZONA RESIDENCIAL B, Mijas, Malaga, Spain<br \/>\n13 Townhouses<br \/>\nPlot Area: 4.070m2<br \/>\nEnclosed Built Area: 2.168m2<br \/>\nDeveloper: PROUBE PROYECTOS Y OBRAS, S.L.<br \/>\nYear: 2022<br \/>\nStatus: Not Built<br \/>\nNotes: Preliminary Project<\/p>\n<p>[\/vc_column_text][vc_column_text]<\/p>\n<p>2022 &#8211;<\/p>\n<p><strong>Residential Complex \u201cQUERCUS\u201d<\/strong><br \/>\nEL REAL DE LA QUINTA, PARCELA P-4, Benahavis Malaga, Spain<br \/>\n7 Multi-family Residential Blocks &#8211; 36 Homes \u2013 Enclosed Built Area: 8614 \u2013 BUILT<br \/>\n6 Multi-family Residential Blocks \u2013 31 Homes \u2013 Enclosed Built Area: 6445 \u2013 UNDER CONSTRUCTION<br \/>\n5 Bloques de Viv. Plurifam \u2013 29 Homes \u2013 Superf. Built: 6120 \u2013 UNDER CONSTRUCTION<br \/>\nPlot Area: 70.560m2<br \/>\nDeveloper: La Quinta Grupo Inmobiliario<br \/>\nBuilder: BONIFACIO SOLIS, SL<\/p>\n<p>[\/vc_column_text][vc_column_text]<\/p>\n<p>2022 &#8211;<\/p>\n<p><strong>Residential Complex Aelca ALCAIDESA CORTIJO<\/strong><br \/>\nSector Alcaidesa Cortijo parcela RE-4 A-3, La L\u00ednea de la Concepci\u00f3n, C\u00e1diz, Spain<br \/>\nMulti-family Residential Blocks \u2013 55 unidades<br \/>\nPlot Area: 20.168m2<br \/>\nEnclosed Built Area: 5.226m2<br \/>\nDeveloper: AELCA<br \/>\nStatus: Not Built<br \/>\nNotes: Preliminary Project<\/p>\n<p>[\/vc_column_text][vc_column_text]<\/p>\n<p>2022 &#8211;<\/p>\n<p><strong>Residential Complex Homes in LOMAS EL MARBELLA CLUB<\/strong><br \/>\nURB. LAS LOMAS EL MARBELLA CLUB, PARCELAS 66, 67, 69, 70, Marbella, Malaga, Spain<br \/>\n18 Townhouses<br \/>\nPlot Area: 19.148m2<br \/>\nEnclosed Built Area: 11.012m2<br \/>\nDeveloper: IBERO CAPITAL<br \/>\nStatus: Not Built<br \/>\nNotes: Contest<\/p>\n<p>[\/vc_column_text][vc_column_text]<\/p>\n<p>2022 &#8211;<\/p>\n<p><strong>Residential Complex Calanova Gran Roque<\/strong><br \/>\nPARCELA S1-C, SECTOR SUNP-C2 \u201cCORTIJO COLORADO\u201d, Mijas, Malaga, Spain<br \/>\n3 Multi-family Residential Blocks \u2013 54 Homes<br \/>\nPlot Area: 20.726m2<br \/>\nEnclosed Built Area: 7.559m2<br \/>\nDeveloper: Habitat<br \/>\nStatus: Not Built<br \/>\nNotes: Project Execution<\/p>\n<p>[\/vc_column_text][vc_column_text]<\/p>\n<p>2022 &#8211;<\/p>\n<p><strong>Residential Complex CONCEPT ELVIRIA<\/strong><br \/>\nURB. ELVIRIA, PARCELA UA-4.3, Marbella, Malaga, Spain<br \/>\n18 Multi-family Residential Blocks \u2013 76 Homes<br \/>\nPlot Area: 26.870m2<br \/>\nEnclosed Built Area: 23.932m2<br \/>\nDeveloper: Concept Home Inversiones<br \/>\nYear: 2022<br \/>\nStatus: Not Built<br \/>\nNotes: Technical study of buildability<\/p>\n<p>[\/vc_column_text][vc_column_text]<\/p>\n<p>2022 &#8211;<\/p>\n<p><strong>Residential Complex EL HIGUERON<\/strong><br \/>\nPLOT B, SECTOR SUNC-12 CARVAJAL NORTE, Fuengirola, Malaga, Spain<br \/>\n3 Bloques de Homes Plurifamiliar \u2013 58 Homes<br \/>\nPlot Area: 11.568m2<br \/>\nEnclosed Built Area: 10.281m2<br \/>\nDeveloper: TM Grupo Inmobiliario<br \/>\nStatus: Not Built<br \/>\nNotes: Preliminary Project<\/p>\n<p>[\/vc_column_text][vc_column_text]<\/p>\n<p>2022 &#8211;<\/p>\n<p><strong>Residential Complex \u201cKING&#8217;S HILLS\u201d<\/strong><br \/>\nUrb. El Paraiso, C\/ Oregano, parcelas 541A, 514B, 514C, 514D, 514E, 514F, 514G, 514H y 514I, Benahavis, Malaga<br \/>\n9 Detached Single-Family Homes<br \/>\nPlot Area: 2.475m2<br \/>\nEnclosed Built Area: 8.565m2<br \/>\nDeveloper: BCOLA DEVELPOMENT SL<br \/>\nBuilder: CONSTRUCCIONES BONIFACIO SOLIS SL<br \/>\nStatus: Built<\/p>\n<p>[\/vc_column_text][vc_column_text]<\/p>\n<p>2021 &#8211;<\/p>\n<p><strong>Residential Complex \u201cLOS OLIVOS\u201d<\/strong><br \/>\nEL REAL DE LA QUINTA, PARCELA P-5, Benahavis, Malaga, Spain<br \/>\n12 Multi-family Residential Blocks 87 Homes<br \/>\nPlot Area: 71.634<br \/>\nEnclosed Built Area: 15.074<br \/>\nDeveloper: La Quinta Grupo Inmobiliario<br \/>\nConstructor: PEACHE SA<br \/>\nStatus: Built<\/p>\n<p>[\/vc_column_text][vc_column_text]<\/p>\n<p>2021 &#8211;<\/p>\n<p><strong>Residential Complex \u201cIPANEMA\u201d &#8211; Fase 1 y 2<\/strong><br \/>\nSUNP-C.2, CORTIJO COLORADO (CALANOVA) PARC. 03-CD, Mijas, Malaga, Spain<br \/>\n8 Multi-family Residential Blocks \u2013 140 Homes<br \/>\nPlot Area: 31.303m,2<br \/>\nEnclosed Built Area: 17.010m2<br \/>\nDeveloper: Kronos Group<br \/>\nBuilder: VIAS Y CONSTRUCCIONES, SA<br \/>\nNotes: Under Construction<\/p>\n<p>[\/vc_column_text][vc_column_text]<\/p>\n<p>2021 &#8211;<\/p>\n<p><strong>Residential Complex Vistalago La Quinta<\/strong><br \/>\nREAL DE LA QUINTA, PARCELAS 26-A, 27-A, 28-A, 29-A, 30-A, 31-A, 32-A, 33-A, 34-A, 35-A, 36-A, 37-A, 38-A, 39-A, 40-A, 41-A y 42-A, Istan, Marbella, Malaga, Spain<br \/>\n18 Detached Single-Family Homes<br \/>\nPlot Area: 61.031m2<br \/>\nEnclosed Built Area: 7.362m2<br \/>\nDeveloper: BRIGHT MEDITERR\u00c1NEA SL<br \/>\nStatus: Not Built<br \/>\nNotes: Project Execution. Project in collaboration with architect Ignacio Garrido<\/p>\n<p>[\/vc_column_text][vc_column_text]<\/p>\n<p>2021 &#8211;<\/p>\n<p><strong>Residential Complex Riviera del Sol<\/strong><br \/>\nPARCELA POL\u00cdGONO 36-FASE 7, ZONA RESIDENCIAL \u201cB\u201d, URB. RIVIERA DEL SOL, Mijas, Malaga, Spain<br \/>\n13 Townhouses<br \/>\nPlot Area: 5.558m2<br \/>\nEnclosed Built Area: 3.601m2<br \/>\nDeveloper: SIROCO RIVIERA SL<br \/>\nStatus: NOT BUILT<br \/>\nNotes: Basic Project and Execution Project<\/p>\n<p>[\/vc_column_text][\/vc_column][\/vc_row][vc_row][vc_column][vc_raw_html css=&#8221;&#8221;]JTNDYnIlM0UlM0NiciUzRSUwQSUzQ2gyJTIwc3R5bGUlM0QlMjJ0ZXh0LWFsaWduJTNBJTIwY2VudGVyJTNCJTIyJTNFJTIwU2VlJTIwbW9yZS4uLiUzQyUyRmgyJTNFJTBBJTNDYnIlM0UlMEElM0NzZWN0aW9uJTIwY2xhc3MlM0QlMjJwYWdpbmFjaW9uJTIyJTNFJTBBJTA5JTA5JTA5JTNDdWwlM0UlMEElMDklMDklMDklMDklM0NsaSUzRSUzQ2ElMjBocmVmJTNEJTIyaHR0cHMlM0ElMkYlMkZ3d3cuZ2phcnF1aXRlY3R1cmEuY29tJTJGb3VyLW11bHRpLWZhbWlseS10cmFqZWN0b3J5JTJGJTIyJTIwY2xhc3MlM0QlMjJhY3RpdmUlMjIlM0UyMDIyLTIwMjElM0MlMkZhJTNFJTNDJTJGbGklM0UlMEElMDklMDklMDklMDklM0NsaSUzRSUzQ2ElMjBocmVmJTNEJTIyaHR0cHMlM0ElMkYlMkZ3d3cuZ2phcnF1aXRlY3R1cmEuY29tJTJGb3VyLW11bHRpLWZhbWlseS10cmFqZWN0b3J5LTIlMkYlMjIlM0UyMDIwLTIwMTclM0MlMkZhJTNFJTNDJTJGbGklM0UlMEElMDklMDklMDklMDklM0NsaSUzRSUzQ2ElMjBocmVmJTNEJTIyaHR0cHMlM0ElMkYlMkZ3d3cuZ2phcnF1aXRlY3R1cmEuY29tJTJGb3VyLW11bHRpLWZhbWlseS10cmFqZWN0b3J5LTMlMkYlMjIlM0UyMDE2LTIwMDclM0MlMkZhJTNFJTNDJTJGbGklM0UlMEElMDklMDklMDklMDklM0NsaSUzRSUzQ2ElMjBocmVmJTNEJTIyaHR0cHMlM0ElMkYlMkZ3d3cuZ2phcnF1aXRlY3R1cmEuY29tJTJGb3VyLW11bHRpLWZhbWlseS10cmFqZWN0b3J5LTQlMkYlMjIlM0UyMDA2LTIwMDMlM0MlMkZhJTNFJTNDJTJGbGklM0UlMEElMDklMDklMDklMDklM0NsaSUzRSUzQ2ElMjBocmVmJTNEJTIyaHR0cHMlM0ElMkYlMkZ3d3cuZ2phcnF1aXRlY3R1cmEuY29tJTJGb3VyLW11bHRpLWZhbWlseS10cmFqZWN0b3J5LTUlMkYlMjIlM0UyMDAyLTE5OTUlM0MlMkZhJTNFJTNDJTJGbGklM0UlMEElMjAlMjAlMjAlMjAlMjAlMjAlMjAlMjAlMjAlMjAlMjAlMjAlMjAlMjAlMjAlMjAlMjAlMjAlMjAlMjAlMjAlMjAlMjAlMjAlMjAlMjAlMjAlMjAlMjAlMjAlMEElMDklMDklMDklM0MlMkZ1bCUzRSUwQSUwOSUwOSUzQyUyRnNlY3Rpb24lM0UlMEE=[\/vc_raw_html][\/vc_column][\/vc_row][vc_row][vc_column][vc_empty_space][\/vc_column][\/vc_row][vc_row][vc_column][vc_headings title=&#8221;Our Compromise&#8221;]GONZALEZ &amp; JACOBSON has dedicated over 30 years to architecture in Spain and Mexico, combining international experience with a unique vision and sensitivity for each project. Their work encompasses a global dimension, addressing all aspects of architecture, including landscaping, interior design, and urban planning. The firm aims to achieve maximum integration with the environment, delivering exceptional functionality and cutting-edge technology as core values for every client.[\/vc_headings][vc_empty_space height=&#8221;64px&#8221;][vc_counters image_background=&#8221;295&#8243; figure=&#8221;circle&#8221; color_figure=&#8221;#0f0f0f&#8221; numbers=&#8221;%5B%7B%22number%22%3A%22100%25%22%2C%22title%22%3A%22Project%20Development%22%7D%2C%7B%22number%22%3A%2275%25%22%2C%22title%22%3A%22Project%20Monitoring%22%7D%2C%7B%22number%22%3A%2290%25%22%2C%22title%22%3A%22Completed%20Project%22%7D%2C%7B%22number%22%3A%22100%25%22%2C%22title%22%3A%22Customer%20Satisfaction%22%7D%5D&#8221;][\/vc_column][\/vc_row][vc_row][vc_column][vc_empty_space height=&#8221;64px&#8221;][vc_btn title=&#8221;CONTACT US&#8221; shape=&#8221;square&#8221; align=&#8221;center&#8221; i_icon_fontawesome=&#8221;fas fa-chevron-circle-right&#8221; css=&#8221;&#8221; add_icon=&#8221;true&#8221; link=&#8221;url:https%3A%2F%2Fgjarquitectura.com%2Fen%2Fcontact-us%2F|title:CONTACT%20US&#8221;][\/vc_column][\/vc_row]<\/p>\n<\/div>","protected":false},"excerpt":{"rendered":"<p>[vc_row full_width=&#8221;stretch_row_content_no_spaces&#8221; full_height=&#8221;yes&#8221; columns_placement=&#8221;stretch&#8221;][vc_column][vc_banner_title color_style=&#8221;light&#8221; title=&#8221;MULTI-FAMILY HOUSING&#8221; animation_text=&#8221;OUR TRAJECTORY&#8221; img=&#8221;15672&#8243; enable_fullheight=&#8221;true&#8221; columns=&#8221;%5B%7B%7D%5D&#8221;][\/vc_banner_title][\/vc_column][\/vc_row][vc_row][vc_column][vc_empty_space height=&#8221;64px&#8221;][vc_headings title=&#8221;Residential complexes and Homes&#8221; subtitle=&#8221;TRAYECTORY&#8221;][\/vc_headings][vc_empty_space height=&#8221;64px&#8221;][\/vc_column][\/vc_row][vc_row][vc_column width=&#8221;1\/2&#8243;][vc_column_text]<\/p>\n","protected":false},"author":1,"featured_media":0,"parent":0,"menu_order":0,"comment_status":"closed","ping_status":"closed","template":"","meta":{"footnotes":""},"class_list":["post-28959","page","type-page","status-publish","hentry"],"aioseo_notices":[],"_links":{"self":[{"href":"https:\/\/gjarquitectura.com\/en\/wp-json\/wp\/v2\/pages\/28959","targetHints":{"allow":["GET"]}}],"collection":[{"href":"https:\/\/gjarquitectura.com\/en\/wp-json\/wp\/v2\/pages"}],"about":[{"href":"https:\/\/gjarquitectura.com\/en\/wp-json\/wp\/v2\/types\/page"}],"author":[{"embeddable":true,"href":"https:\/\/gjarquitectura.com\/en\/wp-json\/wp\/v2\/users\/1"}],"replies":[{"embeddable":true,"href":"https:\/\/gjarquitectura.com\/en\/wp-json\/wp\/v2\/comments?post=28959"}],"version-history":[{"count":0,"href":"https:\/\/gjarquitectura.com\/en\/wp-json\/wp\/v2\/pages\/28959\/revisions"}],"wp:attachment":[{"href":"https:\/\/gjarquitectura.com\/en\/wp-json\/wp\/v2\/media?parent=28959"}],"curies":[{"name":"wp","href":"https:\/\/api.w.org\/{rel}","templated":true}]}}