{"id":28968,"date":"2022-11-09T18:51:41","date_gmt":"2022-11-09T16:51:41","guid":{"rendered":"https:\/\/gjarquitectura.com\/trayectoria-plurifamiliares-3\/"},"modified":"2024-12-05T19:17:05","modified_gmt":"2024-12-05T17:17:05","slug":"our-multi-family-trajectory-3","status":"publish","type":"page","link":"https:\/\/gjarquitectura.com\/en\/our-multi-family-trajectory-3\/","title":{"rendered":"Our Multi-Family Trajectory 3"},"content":{"rendered":"<div class=\"wpb-content-wrapper\"><p>[vc_row full_width=&#8221;stretch_row_content_no_spaces&#8221; full_height=&#8221;yes&#8221; columns_placement=&#8221;stretch&#8221;][vc_column][vc_banner_title color_style=&#8221;light&#8221; title=&#8221;MULTI-FAMILY HOUSING&#8221; animation_text=&#8221;OUR TRAJECTORY&#8221; img=&#8221;15672&#8243; enable_fullheight=&#8221;true&#8221; columns=&#8221;%5B%7B%7D%5D&#8221;][\/vc_banner_title][\/vc_column][\/vc_row][vc_row][vc_column][vc_empty_space height=&#8221;64px&#8221;][vc_headings title=&#8221;Residential complexes and Homes&#8221; subtitle=&#8221;TRAJECTORY&#8221;][\/vc_headings][vc_empty_space height=&#8221;64px&#8221;][\/vc_column][\/vc_row][vc_row][vc_column width=&#8221;1\/2&#8243;][vc_column_text]<\/p>\n<p>2016 &#8211;<\/p>\n<p><strong>LA LADERA<\/strong><br \/>\nGuadalmina Alta, parcela B-7, Guadalmina, Marbella, Malaga, Spain<br \/>\nPlot Area: 4.136m2<br \/>\nEnclosed Built Area: 2016m2<br \/>\nStatus: Not Built<br \/>\nNotes: Preliminary Project<\/p>\n<p>[\/vc_column_text][vc_column_text]<\/p>\n<p>2016 &#8211;<\/p>\n<p>33 Townhouses<br \/>\nPlot Area: 12.584m2<br \/>\nEnclosed Built Area: 5.846m2<br \/>\nDeveloper: Neinor Homes<br \/>\nStatus: Not Built<br \/>\nNotes: Preliminary Project<\/p>\n<p>[\/vc_column_text][vc_column_text]<\/p>\n<p>2016 &#8211;<\/p>\n<p><strong>Residential Complex LAS MESAS<\/strong><br \/>\nPLOT R12, Estepona, Malaga, Spain<br \/>\n6 Multi-family Residential Blocks \u2013 43 Homes<br \/>\nPlot Area: 7.120m2<br \/>\nEnclosed Built Area: 6.362m2<br \/>\nStatus: Not Built<br \/>\nNotes: Contest<\/p>\n<p>[\/vc_column_text][vc_column_text css=&#8221;&#8221;]2015 &#8211;<\/p>\n<p><strong>Residential Complex SEA LAND<\/strong><br \/>\nURB. CASCADA DE CAMOJAN, PARCELA 22, Marbella, Malaga, Spain<br \/>\n5 Detached Single-Family Homes<br \/>\nPlot Area: 11.666m2<br \/>\nEnclosed Built Area: 3.528m2<br \/>\nDeveloper: SEA LAND MARBELLA, SL<br \/>\nStatus: Not Built<br \/>\nNotes: Preliminary Project[\/vc_column_text][vc_column_text]<\/p>\n<p>2015 &#8211;<\/p>\n<p><strong>Residential Complex EL PERNET<\/strong><br \/>\nSURO-TE1, PERNET, Estepona, Malaga, Spain<br \/>\n18 Detached Single-Family Homes<br \/>\nPlot Area: 11.011m2<br \/>\nEnclosed Built Area: 3.240m2<br \/>\nStatus: Not Built<br \/>\nNotes: Preliminary Project<\/p>\n<p>[\/vc_column_text][vc_column_text]<\/p>\n<p>2014 &#8211;<\/p>\n<p><strong>Residential Complex \u201cLA FINCA\u201d<\/strong><br \/>\nUrb. El Pinar de R\u00edo Real. Fases I, II y III. Manzanas 12, 13 y 14, Marbella, Malaga, Spain<br \/>\n45 Detached Single-Family Homes<br \/>\nPlot Area: 36.652m2<br \/>\nEnclosed Built Area: 13.885m2<br \/>\nDeveloper: La Finca de Marbella SL<br \/>\nBuilder: RUGUE SL y CONSTRUCTORA SAN JOSE<br \/>\nStatus: Built<\/p>\n<p>[\/vc_column_text][vc_column_text]<\/p>\n<p>2013 &#8211;<\/p>\n<p><strong>Residential Complex<\/strong><br \/>\nUrb. Nueva Santa Clara, SECTOR DE PLANEAMIENTO URP-RR-10 \u201cHOSPITAL\u201d, Marbella , Malaga, Spain<br \/>\n20 Detached Single-Family Homes<br \/>\nPlot Area: 19.000m2<br \/>\nEnclosed Built Area: 37.000m2<br \/>\nStatus: Not Built<br \/>\nNotes: Preliminary Project<\/p>\n<p>[\/vc_column_text][vc_column_text]<\/p>\n<p>2010 &#8211;<\/p>\n<p><strong>Residential Complex LAS MORILLAS<\/strong><br \/>\nLas Morillas, parcela RP.4\u00aa, Malaga, Malaga, Spain<br \/>\n1 Multi-family Residential Blocks \u2013 26 Homes<br \/>\nPlot Area: 3.000m2<br \/>\nEnclosed Built Area: 3.022m2<br \/>\nStatus: Not Built<br \/>\nNotes: Preliminary Project<\/p>\n<p>[\/vc_column_text][vc_column_text]<\/p>\n<p>2010 &#8211;<\/p>\n<p><strong>Residential Complex LEKKI LUXURY ESTATES<\/strong><br \/>\nLagos, Nigeria<br \/>\n25 Detached Single-Family Homes<br \/>\nPlot Area: 17.443m2<br \/>\nEnclosed Built Area: 9.760m2<br \/>\nStatus: Not Built<br \/>\nNotes: Preliminary Project<\/p>\n<p>[\/vc_column_text][vc_column_text]<\/p>\n<p>2008 &#8211;<\/p>\n<p><strong>Residential Complex HERCESA<\/strong><br \/>\nJuriquilla, Queretaro, Mexico<br \/>\n9 Multi-family Residential Blocks -198 Homes<br \/>\nPlot Area: 10.111m2<br \/>\nEnclosed Built Area: 8.882mn2<br \/>\nDeveloper: HERCESA FERROCARRIL GRUPO INMOBILIARIO<br \/>\nStatus: Not Built<br \/>\nNotes: Preliminary Project<\/p>\n<p>[\/vc_column_text][vc_column_text]<\/p>\n<p>2009 &#8211;<\/p>\n<p><strong>Residential Complex GITANI<\/strong><br \/>\nEl Mirador de El Campanario, parcela N\u00ba 4, Queretaro, Mexico<br \/>\n4 Multi-family Residential Blocks \u2013 248 Homes<br \/>\nPlot Area: 21.112m2<br \/>\nEnclosed Built Area: 44.557m2<br \/>\nDeveloper: GITANI EDIFICACIONES Y DESARROLLOS, SA DE CV<br \/>\nStatus: Not Built<br \/>\nNotes: Preliminary Project<\/p>\n<p>[\/vc_column_text][vc_column_text]<\/p>\n<p>2007 &#8211;<\/p>\n<p><strong>Residential Complex ALANDA<\/strong><br \/>\nUrb. La Cala Golf, parcela 6.1 y 6.2, Mijas, Malaga, Spain<br \/>\n4 Multi-family Residential Blocks &#8211; 80 Homes<br \/>\nPlot Area: 17.555m2<br \/>\nEnclosed Built Area: 12.422m2<br \/>\nDeveloper: ALANDA HOMES<br \/>\nStatus: Not Built<br \/>\nNotes: Preliminary Project<\/p>\n<p>[\/vc_column_text][vc_column_text css=&#8221;&#8221;]2007 &#8211;<\/p>\n<p><strong>Residential Complex Capcana, Hotel and commercial establishments<\/strong><br \/>\nSanto Domingo, Rep Dominicana<br \/>\n650 Detached Single-Family Homes<br \/>\nPlot Area: 83.000m2<br \/>\nEnclosed Built Area: 27.900m2<br \/>\nDeveloper: Capcana S.A<br \/>\nStatus: Not Built<br \/>\nNote: Project for Residential and Commercial Urban Development[\/vc_column_text][vc_column_text]<\/p>\n<p>2007 &#8211;<\/p>\n<p><strong>Residential Complex TORRE ALMENARA<\/strong><br \/>\nZONE D4, RUE N\u00b0 12 &amp; RUE N\u00b0 39, OFF SHORE, Tanger, Marruecos<br \/>\n1 Multi-family Residential Blocks \u2013 50 Homes<br \/>\nPlot Area: 20.291m2<br \/>\nEnclosed Built Area: 1.231m2<br \/>\nDeveloper: PROMOTORA OCCIBELIA SRL<br \/>\nStatus: Not Built<br \/>\nNotes: Preliminary Project<\/p>\n<p>[\/vc_column_text][vc_column_text]<\/p>\n<p>2007 &#8211;<\/p>\n<p><strong>Residential building, 3* hotel and commercial premise<\/strong>s<br \/>\nPuerto Lumbreras, Murcia, Spain<br \/>\n1 Multi-family Residential Blocks \u2013 19 Homes<br \/>\nPlot Area: 1805m2<br \/>\nEnclosed Built Area: 17.004m2<br \/>\nDeveloper: Puerto Lumbreras S.A.<br \/>\nStatus: Not Built<br \/>\nNotes: Preliminary Project<\/p>\n<p>[\/vc_column_text][\/vc_column][vc_column width=&#8221;1\/2&#8243;][vc_column_text]<\/p>\n<p>2016 &#8211;<\/p>\n<p><strong>Residential Complex \u201cLA MONTESA\u201d<\/strong><br \/>\nUrb. Samisol, API-VB-2, parcela 2.1, Marbella, Malaga, Spain<br \/>\n5 Multi-family Residential Blocks \u2013 37 Homes<br \/>\nPlot Area: 8.522m2<br \/>\nEnclosed Built Area: 5.502m2<br \/>\nDeveloper: Real Capital Solutions Santa Clara SL<br \/>\nBuilder: TEGINSER<br \/>\nStatus: Built<\/p>\n<p>[\/vc_column_text][vc_column_text]<\/p>\n<p>2016 &#8211;<\/p>\n<p><strong>Residential Complex GUADALMINA<\/strong><br \/>\nURB. GUADALMINA, PA-SP3, Marbella, Malaga, Spain<br \/>\n10 Detached Single-Family Homes<br \/>\nPlot Area: 14.225m2<br \/>\nEnclosed Built Area: 3.338m2<br \/>\nStatus: Not Built<br \/>\nNotes: Preliminary Project<\/p>\n<p>[\/vc_column_text][vc_column_text]<\/p>\n<p>2016 &#8211;<\/p>\n<p><strong>Residential Complex SANTA CLARA<\/strong><br \/>\nURB. SANTA CLARA GOLF, PARCELA 2.9, Marbella, Malaga, Spain<br \/>\nDetached Single-Family Homes \u2013 24 Homes<br \/>\nPlot Area: 19.137m2<br \/>\nEnclosed Built Area: 6.000m2<br \/>\nDeveloper: URBANIA INTERNATIONAL<br \/>\nStatus: Not Built<br \/>\nNotes: Preliminary Project<\/p>\n<p>[\/vc_column_text][vc_column_text]<\/p>\n<p>2015 &#8211;<\/p>\n<p><strong>Residential Complex BRIAL<\/strong><br \/>\nURB. EL BARRONAL, PARCELAS R1 y R2, Marbella, Malaga, Spain<br \/>\n116 Detached Single-Family Homes<br \/>\nPlot Area: 37.401m2<br \/>\nEnclosed Built Area: 17.890m2<br \/>\nStatus: Not Built<br \/>\nNotes: Location proposal<\/p>\n<p>[\/vc_column_text][vc_column_text]<\/p>\n<p>2014 &#8211;<\/p>\n<p><strong>Residential Complex MALLORCA RESIDENCE<\/strong><br \/>\nFinca Real de Mallorca, Carretera Estatal 420, km 0,5, Queretaro, Mexico<br \/>\n539 Detached Single-Family Homes + 50 Townhouses<br \/>\nPlot Area: 330.000m2<br \/>\nEnclosed Built Area: 107.800m2<br \/>\nBuilder: Maria Teresa S. A. de C. V.<br \/>\nStatus: Built<\/p>\n<p>[\/vc_column_text][vc_column_text]<\/p>\n<p>2014 &#8211;<\/p>\n<p><strong>Residential Complex \u201c#icon SIGNATURE\u201d<\/strong><br \/>\nUrb. Santa Clara Golf, parcela 2.14, Marbella, Malaga, Spain<br \/>\n6 Detached Single-Family Homes<br \/>\nPlot Area: 6.947m2<br \/>\nEnclosed Built Area: 2.184m2<br \/>\nDeveloper: Urbania Santa Clara Development II, S. L<br \/>\nBuilder: FERROVIAL AGROMAN, SA<br \/>\nStatus: Built<\/p>\n<p>[\/vc_column_text][vc_column_text]<\/p>\n<p>2012 &#8211;<\/p>\n<p><strong>Residential Complex MIRADOR DE LOS ARCOS<\/strong><br \/>\nMirador de Los Arcos, Mexico<br \/>\n45 Townhouses<br \/>\nEnclosed Built Area: 6.300m2<br \/>\nDeveloper: TAYCO<br \/>\nStatus: Not Built<br \/>\nNotes: Preliminary Project<\/p>\n<p>[\/vc_column_text][vc_column_text]<\/p>\n<p>2010 &#8211;<\/p>\n<p><strong>Residential Complex TEATINOS<\/strong><br \/>\nPARCELA RP.4A, LAS MORILLAS, Malaga, Spain<br \/>\n1 Multi-family Residential Blocks \u2013 26 Homes<br \/>\nPlot Area: 4.000m2<br \/>\nEnclosed Built Area: 4.200m2<br \/>\nDeveloper: INMOBILIARIA OSUNA<br \/>\nStatus: Not Built<br \/>\nNotes: Preliminary Project<\/p>\n<p>[\/vc_column_text][vc_column_text]<\/p>\n<p>2009 &#8211;<\/p>\n<p><strong>Residential Complex EL MILAGRO<\/strong><br \/>\nSan Miguel de Allende, Parcelas N\u00ba 2 y N\u00ba 4, Guanajuato, M\u00e9xico<br \/>\n176 Detached Single-Family Homes<br \/>\nPlot Area: 50.052m2<br \/>\nEnclosed Built Area: 39.576m2<br \/>\nDeveloper: CASAS SAN MIGUELITO S.A<br \/>\nStatus: Not Built<\/p>\n<p>[\/vc_column_text][vc_column_text]<\/p>\n<p>2009 &#8211;<\/p>\n<p><strong>Residential Complex CASABLANCA<\/strong><br \/>\nMarrakech, Marruecos<br \/>\n2 Multi-family Residential Blocks \u2013 79 Vivienas<br \/>\nPlot Area: 4.100m2<br \/>\nEnclosed Built Area: 12.045m2<br \/>\nDeveloper: SOCIET\u00c9 SOLTANA TOURISTIQUE S.A.R.L.<br \/>\nStatus: Not Built<br \/>\nNotes: Preliminary Project<\/p>\n<p>[\/vc_column_text][vc_column_text]<\/p>\n<p>2008 &#8211;<\/p>\n<p><strong>Residential Complex LA VIBORA<\/strong><br \/>\nURB. ESTRELLA DEL MAR, SECTOR URP-VB-3 LA VIBORA, PARCELAS UA-3(1) y UA-3(2), Marbella, Malaga, Spain<br \/>\n83 Townhouses<br \/>\nPlot Area: 21.356m2<br \/>\nEnclosed Built Area: 20.291m2<br \/>\nDeveloper: ACCIONA INMOBILIARIA, SLU<br \/>\nStatus: Not Built<br \/>\nNotes: Basic Project<\/p>\n<p>[\/vc_column_text][vc_column_text]<\/p>\n<p>2007 &#8211;<\/p>\n<p><strong>Residential Complex BALCONES DEL ACUEDUCTO<\/strong><br \/>\nUrb. Balcones del Acueducto, parcelas 148, 149, 141 y 127, Quer\u00e9taro, M\u00e9xico<br \/>\n5 Multi-family Residential Blocks \u2013 104 Homes<br \/>\nPlot Area: 12.469m2<br \/>\nEnclosed Built Area: 22.000m2<br \/>\nYear: 2007<br \/>\nStatus: Not Built<\/p>\n<p>[\/vc_column_text][vc_column_text]<\/p>\n<p>2007 &#8211;<\/p>\n<p><strong>Residential Complex ATLANTIC MAGNA<\/strong><br \/>\nCabo Spartel, Achakar, Tanger, Marruecos<br \/>\n9 Multi-family Residential Blocks \u2013 90 Homes<br \/>\nPlot Area: 41.130m2<br \/>\nEnclosed Built Area: 14.185m2<br \/>\nDeveloper: OCCIBELIA S.A.R.L.<br \/>\nStatus: Built<\/p>\n<p>[\/vc_column_text][vc_column_text]<\/p>\n<p>2007 &#8211;<\/p>\n<p><strong>Residential Complex Royal Cabopino<\/strong><br \/>\nUrb. Artola Alta, parcela N\u00ba 6. 1. A, Marbella, Malaga, Spain<br \/>\n22 Townhouses<br \/>\nPlot Area: 5.837m2<br \/>\nEnclosed Built Area: 2.844m2<br \/>\nDeveloper: Desarrollos Urban\u00edsticos Jim\u00e9nez \u00c1lvarez, SL<br \/>\nBuilder: BRUES Y FERNANDEZ CONSTRUCCIONES<br \/>\nYear: 2007<br \/>\nStatus: Built<br \/>\nProject in collaboration with the architect Francisco Javier Rodr\u00edguez Moreno<\/p>\n<p>[\/vc_column_text][\/vc_column][\/vc_row][vc_row][vc_column][vc_raw_html css=&#8221;&#8221;]JTNDYnIlM0UlM0NiciUzRSUwQSUzQ2gyJTIwc3R5bGUlM0QlMjJ0ZXh0LWFsaWduJTNBJTIwY2VudGVyJTNCJTIyJTNFJTIwU2VlJTIwbW9yZS4uLiUzQyUyRmgyJTNFJTBBJTNDYnIlM0UlMEElM0NzZWN0aW9uJTIwY2xhc3MlM0QlMjJwYWdpbmFjaW9uJTIyJTNFJTBBJTA5JTA5JTA5JTNDdWwlM0UlMEElMDklMDklMDklMDklM0NsaSUzRSUzQ2ElMjBocmVmJTNEJTIyaHR0cHMlM0ElMkYlMkZ3d3cuZ2phcnF1aXRlY3R1cmEuY29tJTJGZW4lMkZvdXItbXVsdGktZmFtaWx5LXRyYWplY3RvcnklMkYlMjIlM0UyMDIyLTIwMjElM0MlMkZhJTNFJTNDJTJGbGklM0UlMEElMDklMDklMDklMDklM0NsaSUzRSUzQ2ElMjBocmVmJTNEJTIyaHR0cHMlM0ElMkYlMkZ3d3cuZ2phcnF1aXRlY3R1cmEuY29tJTJGZW4lMkZvdXItbXVsdGktZmFtaWx5LXRyYWplY3RvcnktMiUyRiUyMiUzRTIwMjAtMjAxNyUzQyUyRmElM0UlM0MlMkZsaSUzRSUwQSUwOSUwOSUwOSUwOSUzQ2xpJTNFJTNDYSUyMGhyZWYlM0QlMjJodHRwcyUzQSUyRiUyRnd3dy5namFycXVpdGVjdHVyYS5jb20lMkZlbiUyRm91ci1tdWx0aS1mYW1pbHktdHJhamVjdG9yeS0zJTJGJTIyJTIwY2xhc3MlM0QlMjJhY3RpdmUlMjIlM0UyMDE2LTIwMDclM0MlMkZhJTNFJTNDJTJGbGklM0UlMEElMDklMDklMDklMDklM0NsaSUzRSUzQ2ElMjBocmVmJTNEJTIyaHR0cHMlM0ElMkYlMkZ3d3cuZ2phcnF1aXRlY3R1cmEuY29tJTJGZW4lMkZvdXItbXVsdGktZmFtaWx5LXRyYWplY3RvcnktNCUyRiUyMiUzRTIwMDYtMjAwMyUzQyUyRmElM0UlM0MlMkZsaSUzRSUwQSUwOSUwOSUwOSUwOSUzQ2xpJTNFJTNDYSUyMGhyZWYlM0QlMjJodHRwcyUzQSUyRiUyRnd3dy5namFycXVpdGVjdHVyYS5jb20lMkZlbiUyRm91ci1tdWx0aS1mYW1pbHktdHJhamVjdG9yeS01JTJGJTIyJTNFMjAwMi0xOTk1JTNDJTJGYSUzRSUzQyUyRmxpJTNFJTBBJTIwJTIwJTIwJTIwJTIwJTIwJTIwJTIwJTIwJTIwJTIwJTIwJTIwJTIwJTIwJTIwJTIwJTIwJTIwJTIwJTIwJTIwJTIwJTIwJTIwJTIwJTIwJTIwJTIwJTIwJTBBJTA5JTA5JTA5JTNDJTJGdWwlM0UlMEElMDklMDklM0MlMkZzZWN0aW9uJTNFJTBB[\/vc_raw_html][\/vc_column][\/vc_row][vc_row][vc_column][vc_empty_space][\/vc_column][\/vc_row][vc_row][vc_column][vc_headings title=&#8221;Our Compromise&#8221;]GONZALEZ &amp; JACOBSON has dedicated over <strong>30 <\/strong>years to architecture in Spain and Mexico, combining international experience with a unique vision and sensitivity for each project. Their work encompasses a global dimension, addressing all aspects of architecture, including landscaping, interior design, and urban planning. The firm aims to achieve maximum integration with the environment, delivering exceptional functionality and cutting-edge technology as core values for every client.[\/vc_headings][vc_empty_space height=&#8221;64px&#8221;][vc_counters image_background=&#8221;295&#8243; figure=&#8221;circle&#8221; color_figure=&#8221;#0f0f0f&#8221; numbers=&#8221;%5B%7B%22number%22%3A%22100%25%22%2C%22title%22%3A%22Project%20Development%22%7D%2C%7B%22number%22%3A%2275%25%22%2C%22title%22%3A%22Project%20Monitoring%22%7D%2C%7B%22number%22%3A%2290%25%22%2C%22title%22%3A%22Completed%20Project%20%22%7D%2C%7B%22number%22%3A%22100%25%22%2C%22title%22%3A%22Customer%20Satisfaction%22%7D%5D&#8221;][\/vc_column][\/vc_row][vc_row][vc_column][vc_empty_space height=&#8221;64px&#8221;][vc_btn title=&#8221;CONTACT US&#8221; shape=&#8221;square&#8221; align=&#8221;center&#8221; i_icon_fontawesome=&#8221;fas fa-chevron-circle-right&#8221; css=&#8221;&#8221; add_icon=&#8221;true&#8221; link=&#8221;url:https%3A%2F%2Fgjarquitectura.com%2Fen%2Fcontact-us%2F|title:CONTACT%20US&#8221;][\/vc_column][\/vc_row]<\/p>\n<\/div>","protected":false},"excerpt":{"rendered":"<p>[vc_row full_width=&#8221;stretch_row_content_no_spaces&#8221; full_height=&#8221;yes&#8221; columns_placement=&#8221;stretch&#8221;][vc_column][vc_banner_title color_style=&#8221;light&#8221; title=&#8221;MULTI-FAMILY HOUSING&#8221; animation_text=&#8221;OUR TRAJECTORY&#8221; img=&#8221;15672&#8243; enable_fullheight=&#8221;true&#8221; columns=&#8221;%5B%7B%7D%5D&#8221;][\/vc_banner_title][\/vc_column][\/vc_row][vc_row][vc_column][vc_empty_space height=&#8221;64px&#8221;][vc_headings title=&#8221;Residential complexes and Homes&#8221; subtitle=&#8221;TRAJECTORY&#8221;][\/vc_headings][vc_empty_space height=&#8221;64px&#8221;][\/vc_column][\/vc_row][vc_row][vc_column width=&#8221;1\/2&#8243;][vc_column_text]<\/p>\n","protected":false},"author":1,"featured_media":0,"parent":0,"menu_order":0,"comment_status":"closed","ping_status":"closed","template":"","meta":{"footnotes":""},"class_list":["post-28968","page","type-page","status-publish","hentry"],"aioseo_notices":[],"_links":{"self":[{"href":"https:\/\/gjarquitectura.com\/en\/wp-json\/wp\/v2\/pages\/28968","targetHints":{"allow":["GET"]}}],"collection":[{"href":"https:\/\/gjarquitectura.com\/en\/wp-json\/wp\/v2\/pages"}],"about":[{"href":"https:\/\/gjarquitectura.com\/en\/wp-json\/wp\/v2\/types\/page"}],"author":[{"embeddable":true,"href":"https:\/\/gjarquitectura.com\/en\/wp-json\/wp\/v2\/users\/1"}],"replies":[{"embeddable":true,"href":"https:\/\/gjarquitectura.com\/en\/wp-json\/wp\/v2\/comments?post=28968"}],"version-history":[{"count":0,"href":"https:\/\/gjarquitectura.com\/en\/wp-json\/wp\/v2\/pages\/28968\/revisions"}],"wp:attachment":[{"href":"https:\/\/gjarquitectura.com\/en\/wp-json\/wp\/v2\/media?parent=28968"}],"curies":[{"name":"wp","href":"https:\/\/api.w.org\/{rel}","templated":true}]}}